{"id":115,"date":"2023-05-18T02:32:43","date_gmt":"2023-05-18T02:32:43","guid":{"rendered":"https:\/\/gstradecorp.com\/?page_id=115"},"modified":"2023-11-02T15:50:54","modified_gmt":"2023-11-02T15:50:54","slug":"privacy-policy","status":"publish","type":"page","link":"https:\/\/gstradecorp.com\/es\/privacy-policy\/","title":{"rendered":"Pol\u00edtica de Privacidad"},"content":{"rendered":"<div data-elementor-type=\"wp-page\" data-elementor-id=\"115\" class=\"elementor elementor-115\" data-elementor-post-type=\"page\">\n\t\t\t\t\t\t<section class=\"elementor-section elementor-top-section elementor-element elementor-element-355aee45 elementor-section-boxed elementor-section-height-default elementor-section-height-default\" data-id=\"355aee45\" data-element_type=\"section\" data-e-type=\"section\" data-settings=\"{&quot;background_background&quot;:&quot;classic&quot;}\">\n\t\t\t\t\t\t\t<div class=\"elementor-background-overlay\"><\/div>\n\t\t\t\t\t\t\t<div class=\"elementor-container elementor-column-gap-default\">\n\t\t\t\t\t<div class=\"elementor-column elementor-col-100 elementor-top-column elementor-element elementor-element-4d15f64\" data-id=\"4d15f64\" data-element_type=\"column\" data-e-type=\"column\">\n\t\t\t<div class=\"elementor-widget-wrap elementor-element-populated\">\n\t\t\t\t\t\t<section class=\"elementor-section elementor-inner-section elementor-element elementor-element-2dc78e2 elementor-section-boxed elementor-section-height-default elementor-section-height-default\" data-id=\"2dc78e2\" data-element_type=\"section\" data-e-type=\"section\">\n\t\t\t\t\t\t<div class=\"elementor-container elementor-column-gap-no\">\n\t\t\t\t\t<div class=\"elementor-column elementor-col-100 elementor-inner-column elementor-element elementor-element-649773bd\" data-id=\"649773bd\" data-element_type=\"column\" data-e-type=\"column\">\n\t\t\t<div class=\"elementor-widget-wrap elementor-element-populated\">\n\t\t\t\t\t\t<div class=\"elementor-element elementor-element-75bf0244 elementor-invisible elementor-widget elementor-widget-heading\" data-id=\"75bf0244\" data-element_type=\"widget\" data-e-type=\"widget\" data-settings=\"{&quot;_animation&quot;:&quot;fadeInDown&quot;}\" data-widget_type=\"heading.default\">\n\t\t\t\t<div class=\"elementor-widget-container\">\n\t\t\t\t\t<h1 class=\"elementor-heading-title elementor-size-default\">Pol\u00edtica de Privacidad<\/h1>\t\t\t\t<\/div>\n\t\t\t\t<\/div>\n\t\t\t\t<div class=\"elementor-element elementor-element-4465fc11 elementor-icon-list--layout-inline elementor-align-start elementor-list-item-link-full_width elementor-invisible elementor-widget elementor-widget-icon-list\" data-id=\"4465fc11\" data-element_type=\"widget\" data-e-type=\"widget\" data-settings=\"{&quot;_animation&quot;:&quot;fadeInRight&quot;}\" data-widget_type=\"icon-list.default\">\n\t\t\t\t<div class=\"elementor-widget-container\">\n\t\t\t\t\t\t\t<ul class=\"elementor-icon-list-items elementor-inline-items\">\n\t\t\t\t\t\t\t<li class=\"elementor-icon-list-item elementor-inline-item\">\n\t\t\t\t\t\t\t\t\t\t\t<a href=\"https:\/\/gstradecorp.com\/es\/home\/\">\n\n\t\t\t\t\t\t\t\t\t\t\t<span class=\"elementor-icon-list-text\">Inicio<\/span>\n\t\t\t\t\t\t\t\t\t\t\t<\/a>\n\t\t\t\t\t\t\t\t\t<\/li>\n\t\t\t\t\t\t\t\t<li class=\"elementor-icon-list-item elementor-inline-item\">\n\t\t\t\t\t\t\t\t\t\t\t<span class=\"elementor-icon-list-icon\">\n\t\t\t\t\t\t\t<i aria-hidden=\"true\" class=\"mdi mdi-slash-forward\"><\/i>\t\t\t\t\t\t<\/span>\n\t\t\t\t\t\t\t\t\t\t<span class=\"elementor-icon-list-text\">Acerca de Nosotros<\/span>\n\t\t\t\t\t\t\t\t\t<\/li>\n\t\t\t\t\t\t<\/ul>\n\t\t\t\t\t\t<\/div>\n\t\t\t\t<\/div>\n\t\t\t\t\t<\/div>\n\t\t<\/div>\n\t\t\t\t\t<\/div>\n\t\t<\/section>\n\t\t\t\t\t<\/div>\n\t\t<\/div>\n\t\t\t\t\t<\/div>\n\t\t<\/section>\n\t\t\t\t<section class=\"elementor-section elementor-top-section elementor-element elementor-element-11e2721 elementor-section-boxed elementor-section-height-default elementor-section-height-default\" data-id=\"11e2721\" data-element_type=\"section\" data-e-type=\"section\">\n\t\t\t\t\t\t<div class=\"elementor-container elementor-column-gap-default\">\n\t\t\t\t\t<div class=\"elementor-column elementor-col-100 elementor-top-column elementor-element elementor-element-f58aa5d\" data-id=\"f58aa5d\" data-element_type=\"column\" data-e-type=\"column\">\n\t\t\t<div class=\"elementor-widget-wrap elementor-element-populated\">\n\t\t\t\t\t\t<div class=\"elementor-element elementor-element-7adc55d elementor-widget elementor-widget-spacer\" data-id=\"7adc55d\" data-element_type=\"widget\" data-e-type=\"widget\" data-widget_type=\"spacer.default\">\n\t\t\t\t<div class=\"elementor-widget-container\">\n\t\t\t\t\t\t\t<div class=\"elementor-spacer\">\n\t\t\t<div class=\"elementor-spacer-inner\"><\/div>\n\t\t<\/div>\n\t\t\t\t\t\t<\/div>\n\t\t\t\t<\/div>\n\t\t\t\t\t<\/div>\n\t\t<\/div>\n\t\t\t\t\t<\/div>\n\t\t<\/section>\n\t\t\t\t<section class=\"elementor-section elementor-top-section elementor-element elementor-element-2a84ab9 elementor-section-boxed elementor-section-height-default elementor-section-height-default\" data-id=\"2a84ab9\" data-element_type=\"section\" data-e-type=\"section\">\n\t\t\t\t\t\t<div class=\"elementor-container elementor-column-gap-default\">\n\t\t\t\t\t<div class=\"elementor-column elementor-col-100 elementor-top-column elementor-element elementor-element-238fb09\" data-id=\"238fb09\" data-element_type=\"column\" data-e-type=\"column\">\n\t\t\t<div class=\"elementor-widget-wrap elementor-element-populated\">\n\t\t\t\t\t\t<div class=\"elementor-element elementor-element-0e2f36b elementor-widget elementor-widget-heading\" data-id=\"0e2f36b\" data-element_type=\"widget\" data-e-type=\"widget\" data-widget_type=\"heading.default\">\n\t\t\t\t<div class=\"elementor-widget-container\">\n\t\t\t\t\t<h2 class=\"elementor-heading-title elementor-size-default\">Pol\u00edtica de Privacidad y Pol\u00edtica de Cookies<\/h2>\t\t\t\t<\/div>\n\t\t\t\t<\/div>\n\t\t\t\t\t<\/div>\n\t\t<\/div>\n\t\t\t\t\t<\/div>\n\t\t<\/section>\n\t\t\t\t<section class=\"elementor-section elementor-top-section elementor-element elementor-element-8689540 elementor-section-boxed elementor-section-height-default elementor-section-height-default\" data-id=\"8689540\" data-element_type=\"section\" data-e-type=\"section\">\n\t\t\t\t\t\t<div class=\"elementor-container elementor-column-gap-default\">\n\t\t\t\t\t<div class=\"elementor-column elementor-col-100 elementor-top-column elementor-element elementor-element-a827213\" data-id=\"a827213\" data-element_type=\"column\" data-e-type=\"column\">\n\t\t\t<div class=\"elementor-widget-wrap elementor-element-populated\">\n\t\t\t\t\t\t<div class=\"elementor-element elementor-element-aba03ae elementor-widget elementor-widget-heading\" data-id=\"aba03ae\" data-element_type=\"widget\" data-e-type=\"widget\" data-widget_type=\"heading.default\">\n\t\t\t\t<div class=\"elementor-widget-container\">\n\t\t\t\t\t<h5 class=\"elementor-heading-title elementor-size-default\">\u00daltima actualizaci\u00f3n: mayo de 2023<\/h5>\t\t\t\t<\/div>\n\t\t\t\t<\/div>\n\t\t\t\t\t<\/div>\n\t\t<\/div>\n\t\t\t\t\t<\/div>\n\t\t<\/section>\n\t\t\t\t<section class=\"elementor-section elementor-top-section elementor-element elementor-element-ebb2658 elementor-section-boxed elementor-section-height-default elementor-section-height-default\" data-id=\"ebb2658\" data-element_type=\"section\" data-e-type=\"section\">\n\t\t\t\t\t\t<div class=\"elementor-container elementor-column-gap-default\">\n\t\t\t\t\t<div class=\"elementor-column elementor-col-100 elementor-top-column elementor-element elementor-element-c0cea88\" data-id=\"c0cea88\" data-element_type=\"column\" data-e-type=\"column\">\n\t\t\t<div class=\"elementor-widget-wrap elementor-element-populated\">\n\t\t\t\t\t\t<div class=\"elementor-element elementor-element-52aff54 elementor-widget elementor-widget-text-editor\" data-id=\"52aff54\" data-element_type=\"widget\" data-e-type=\"widget\" data-widget_type=\"text-editor.default\">\n\t\t\t\t<div class=\"elementor-widget-container\">\n\t\t\t\t\t\t\t\t\t<p>Esta pol\u00edtica de privacidad explicar\u00e1 c\u00f3mo nuestra empresa utiliza los datos personales que recopilamos de usted cuando utiliza nuestro sitio web.<\/p>\n<p>Nuestra empresa recopila los siguientes datos:<\/p>\n<p>Informaci\u00f3n de identificaci\u00f3n personal (Nombre, direcci\u00f3n de correo electr\u00f3nico, n\u00famero de tel\u00e9fono, etc.)<\/p>\n<p>Geolocalizaci\u00f3n<\/p>\n<p>Tu actividad de navegaci\u00f3n<\/p>\n<p>Informaci\u00f3n sobre el motivo por el que nos contacta<\/p>\n<p>Su consentimiento para permitirnos almacenar los datos recopilados y enviar los datos recopilados a una agencia de terceros (solo si en el formulario requiere el servicio de una agencia de terceros recomendada por la Compa\u00f1\u00eda).<\/p>\n<p>\u00bfC\u00f3mo recopilamos sus datos?<\/p>\n<p>Usted proporciona directamente a nuestra empresa la mayor\u00eda de los datos que recopilamos. Recopilamos datos y procesamos datos cuando usted:<\/p>\n<p>Usa voluntariamente formularios del sitio web para enviar preguntas o programar llamadas telef\u00f3nicas<\/p>\n<p>Publicar voluntariamente un comentario en alguno de los art\u00edculos publicados en nuestra web<\/p>\n<p>Usar o ver nuestro sitio web a trav\u00e9s de las cookies de su navegador<\/p>\n<p>\u00bfC\u00f3mo utilizaremos sus datos?<\/p>\n<p>Nuestra empresa recopila sus datos para que podamos:<\/p>\n<p>Enviarle un correo electr\u00f3nico con informaci\u00f3n sobre seminarios web gratuitos y descargas digitales<\/p>\n<p>Enviarle un correo electr\u00f3nico con actualizaciones y ofertas especiales sobre otros productos y servicios que creemos que le pueden gustar.<\/p>\n<p>Mostrar anuncios en otros sitios web, como YouTube y Facebook<\/p>\n<p>Llamarle (solo si reserva una llamada con nosotros)<\/p>\n<p>Crear facturas para clientes.<\/p>\n<p>Si est\u00e1 de acuerdo (por ejemplo, al utilizar un formulario para solicitar un presupuesto o pedir una recomendaci\u00f3n), nuestra empresa compartir\u00e1 sus datos con nuestras empresas asociadas para que puedan ofrecerle sus productos y servicios.<\/p>\n<p>\u00bfC\u00f3mo almacenamos sus datos?<\/p>\n<p>Nuestra empresa almacena de forma segura sus datos en:<\/p>\n<p>Host del sitio web (sitio web y correos electr\u00f3nicos)<\/p>\n<p>Almacenamiento en la nube A (copias de seguridad de cPanels)<\/p>\n<p>Almacenamiento en la nube B (copias de seguridad de sitios web)<\/p>\n<p>Proveedor de servicios de correo electr\u00f3nico (lista de correo)<\/p>\n<p>Hemos implementado las siguientes precauciones de seguridad:<\/p>\n<ol>\n<li>Nuestro sitio web incluye medidas tales como:<\/li>\n<\/ol>\n<p>Firewall Security<\/p>\n<p>Protecci\u00f3n contra el tr\u00e1fico malicioso<\/p>\n<p>Detecci\u00f3n y bloqueo de amenazas<\/p>\n<ol start=\"2\">\n<li>Utilizamos un certificado SSL para proteger sus datos, por ejemplo, cuando carga archivos desde su navegador a nuestro sitio web.<\/li>\n<\/ol>\n<ol start=\"3\">\n<li>Mantenemos el sitio web actualizado para proporcionar las \u00faltimas mejoras y parches de seguridad. Esto incluye la versi\u00f3n de PHP, la versi\u00f3n de CRM, el software de terceros utilizado en el sitio web y m\u00e1s. Nuestra empresa mantendr\u00e1 una copia de seguridad de sus sitios web y listas de correo durante 1 a\u00f1o. Una vez que haya expirado este per\u00edodo de tiempo, eliminaremos sus datos eliminando la copia de seguridad.<\/li>\n<\/ol>\n<p>Marketing<\/p>\n<p>Nuestra empresa desea enviarle informaci\u00f3n sobre nuestros productos y servicios que creemos que le pueden gustar, as\u00ed como los de nuestras empresas asociadas, a trav\u00e9s de:<\/p>\n<p>Correo El\u00e9ctronico<\/p>\n<p>Facebook<\/p>\n<p>Instagram<\/p>\n<p>Google<\/p>\n<p>LinkedIn<\/p>\n<p>Tiene derecho en cualquier momento a impedir que nuestra compa\u00f1\u00eda se comunique con usted con fines de marketing o proporcione sus datos a otros miembros del grupo Nuestra compa\u00f1\u00eda.<\/p>\n<p>\u00bfCu\u00e1les son sus derechos de protecci\u00f3n de datos?<\/p>\n<p>Nuestra empresa desea asegurarse de que conoce todos sus derechos de protecci\u00f3n de datos. Todo usuario tiene derecho a lo siguiente:<\/p>\n<p>El derecho de acceso: tiene derecho a solicitar a nuestra empresa copias de sus datos personales. Es posible que le cobremos una peque\u00f1a tarifa por este servicio.<\/p>\n<p>El derecho a la rectificaci\u00f3n: tiene derecho a solicitar que nuestra empresa corrija cualquier informaci\u00f3n que crea que es inexacta. Tambi\u00e9n tiene derecho a solicitar a nuestra Compa\u00f1\u00eda que complete la informaci\u00f3n que cree que est\u00e1 incompleta.<\/p>\n<p>El derecho a borrar: tiene derecho a solicitar que nuestra empresa borre sus datos personales, bajo ciertas condiciones.<\/p>\n<p>El derecho a restringir el procesamiento: tiene derecho a solicitar que nuestra empresa restrinja el procesamiento de sus datos personales, bajo ciertas condiciones.<\/p>\n<p>El derecho a oponerse al procesamiento: tiene derecho a oponerse al procesamiento de sus datos personales por parte de nuestra Compa\u00f1\u00eda, bajo ciertas condiciones.<\/p>\n<p>Si realiza una solicitud, tenemos un mes para responderle. Si desea ejercer alguno de estos derechos, cont\u00e1ctenos a nuestra direcci\u00f3n de correo electr\u00f3nico: infotrade@gstradecorp.com<\/p>\n<p>O escr\u00edbanos a: infotrade@gstradecorp.com<\/p>\n<p>\u00bfQu\u00e9 son las cookies?<\/p>\n<p>Las cookies son archivos de texto que se colocan en su computadora para recopilar informaci\u00f3n est\u00e1ndar de registro de Internet e informaci\u00f3n sobre el comportamiento de los visitantes. Cuando visita nuestros sitios web, podemos recopilar informaci\u00f3n sobre usted autom\u00e1ticamente a trav\u00e9s de cookies o tecnolog\u00eda similar.<\/p>\n<p>\u00bfC\u00f3mo usamos las cookies?<\/p>\n<p>Nuestra empresa utiliza cookies de varias maneras para mejorar su experiencia en nuestro sitio web, que incluyen:<\/p>\n<p>Mantenerle conectado.<\/p>\n<p>Comprender c\u00f3mo utiliza nuestro sitio web.<\/p>\n<p>Mostrarle diferentes ventanas emergentes de acuerdo con la p\u00e1gina que visita y con qu\u00e9 frecuencia las visita.<\/p>\n<p>Anunciar nuestros servicios en YouTube o Facebook<\/p>\n<p>\u00bfQu\u00e9 tipos de cookies utilizamos?<\/p>\n<p>Hay varios tipos diferentes de cookies, sin embargo, nuestro sitio web utiliza:<\/p>\n<p>Estrictamente necesario: nuestra empresa utiliza cookies que son esenciales para que usted navegue por el sitio web y use sus funciones, como acceder a \u00e1reas seguras del sitio. Estas son cookies propias.<\/p>\n<p>Funcionalidad: nuestra empresa utiliza estas cookies para que lo reconozcamos en nuestro sitio web y recordemos sus preferencias previamente seleccionadas. Estos podr\u00edan incluir el idioma que prefiere y la ubicaci\u00f3n en la que se encuentra. Se utiliza una combinaci\u00f3n de cookies propias y de terceros.<\/p>\n<p>Publicidad: nuestra empresa utiliza estas cookies para recopilar informaci\u00f3n sobre su visita a nuestro sitio web, el contenido que vio, los enlaces que sigui\u00f3 e informaci\u00f3n sobre su navegador, dispositivo y su direcci\u00f3n IP. Nuestra empresa a veces comparte algunos aspectos limitados de estos datos con terceros con fines publicitarios. Tambi\u00e9n podemos compartir datos en l\u00ednea recopilados a trav\u00e9s de cookies con nuestros socios publicitarios. Esto significa que cuando visita otro sitio web, es posible que se le muestre publicidad basada en sus patrones de navegaci\u00f3n en nuestro sitio web.<\/p>\n<p>Cookies de estad\u00edsticas: nuestra empresa utiliza estas cookies para recopilar informaci\u00f3n sobre c\u00f3mo se utiliza un sitio web, como qu\u00e9 p\u00e1ginas se visitaron y en qu\u00e9 enlaces se hizo clic. Ninguna de esta informaci\u00f3n se puede utilizar para identificarlo. Todo est\u00e1 agregado y, por lo tanto, anonimizado. Su \u00fanico prop\u00f3sito es mejorar las funciones del sitio web.<\/p>\n<p>C\u00f3mo administrar las cookies<\/p>\n<p>Puede configurar su navegador para que no acepte cookies, y el sitio web anterior le indica c\u00f3mo eliminar las cookies de su navegador. Sin embargo, en algunos casos, algunas de las caracter\u00edsticas de nuestro sitio web pueden no funcionar como resultado.<\/p>\n<p>Cambios en nuestra pol\u00edtica de privacidad<\/p>\n<p>Nuestra Compa\u00f1\u00eda mantiene su pol\u00edtica de privacidad bajo revisi\u00f3n peri\u00f3dica y coloca cualquier actualizaci\u00f3n en esta p\u00e1gina web. Esta pol\u00edtica de privacidad se actualiz\u00f3 por \u00faltima vez el 08 de mayo de 2023.<\/p>\n<p>C\u00f3mo contactarnos<\/p>\n<p>Si tiene alguna pregunta sobre la pol\u00edtica de privacidad de nuestra empresa, los datos que tenemos sobre usted o si desea ejercer uno de sus derechos de protecci\u00f3n de datos, no dude en ponerse en contacto con nosotros.<\/p>\n<p>Env\u00edenos un correo electr\u00f3nico a: infotrade@gstradecorp.com<\/p>\t\t\t\t\t\t\t\t<\/div>\n\t\t\t\t<\/div>\n\t\t\t\t\t<\/div>\n\t\t<\/div>\n\t\t\t\t\t<\/div>\n\t\t<\/section>\n\t\t\t\t<\/div>","protected":false},"excerpt":{"rendered":"<p>Privacy Policy Home About Us Privacy and Cookie Policy Last update: May 2023 This privacy policy will explain how our company uses the personal data we collect from you when you use our website. Our company collects the following data: Personal identification information (Name, email address, phone number, etc.) Geolocation Your browsing activity Information about [&hellip;]<\/p>\n","protected":false},"author":3,"featured_media":0,"parent":0,"menu_order":0,"comment_status":"closed","ping_status":"closed","template":"elementor_header_footer","meta":{"footnotes":""},"class_list":["post-115","page","type-page","status-publish","hentry"],"_links":{"self":[{"href":"https:\/\/gstradecorp.com\/es\/wp-json\/wp\/v2\/pages\/115","targetHints":{"allow":["GET"]}}],"collection":[{"href":"https:\/\/gstradecorp.com\/es\/wp-json\/wp\/v2\/pages"}],"about":[{"href":"https:\/\/gstradecorp.com\/es\/wp-json\/wp\/v2\/types\/page"}],"author":[{"embeddable":true,"href":"https:\/\/gstradecorp.com\/es\/wp-json\/wp\/v2\/users\/3"}],"replies":[{"embeddable":true,"href":"https:\/\/gstradecorp.com\/es\/wp-json\/wp\/v2\/comments?post=115"}],"version-history":[{"count":31,"href":"https:\/\/gstradecorp.com\/es\/wp-json\/wp\/v2\/pages\/115\/revisions"}],"predecessor-version":[{"id":569,"href":"https:\/\/gstradecorp.com\/es\/wp-json\/wp\/v2\/pages\/115\/revisions\/569"}],"wp:attachment":[{"href":"https:\/\/gstradecorp.com\/es\/wp-json\/wp\/v2\/media?parent=115"}],"curies":[{"name":"wp","href":"https:\/\/api.w.org\/{rel}","templated":true}]}}