{"id":328,"date":"2023-05-21T19:13:02","date_gmt":"2023-05-21T19:13:02","guid":{"rendered":"https:\/\/gstradecorp.com\/?page_id=328"},"modified":"2023-11-02T15:26:28","modified_gmt":"2023-11-02T15:26:28","slug":"terms-of-use","status":"publish","type":"page","link":"https:\/\/gstradecorp.com\/es\/terms-of-use\/","title":{"rendered":"T\u00e9rminos de Uso"},"content":{"rendered":"<div data-elementor-type=\"wp-page\" data-elementor-id=\"328\" class=\"elementor elementor-328\" data-elementor-post-type=\"page\">\n\t\t\t\t\t\t<section class=\"elementor-section elementor-top-section elementor-element elementor-element-3bf8afe5 elementor-section-boxed elementor-section-height-default elementor-section-height-default\" data-id=\"3bf8afe5\" data-element_type=\"section\" data-e-type=\"section\" data-settings=\"{&quot;background_background&quot;:&quot;classic&quot;}\">\n\t\t\t\t\t\t\t<div class=\"elementor-background-overlay\"><\/div>\n\t\t\t\t\t\t\t<div class=\"elementor-container elementor-column-gap-default\">\n\t\t\t\t\t<div class=\"elementor-column elementor-col-100 elementor-top-column elementor-element elementor-element-5ff1eb6c\" data-id=\"5ff1eb6c\" data-element_type=\"column\" data-e-type=\"column\">\n\t\t\t<div class=\"elementor-widget-wrap elementor-element-populated\">\n\t\t\t\t\t\t<section class=\"elementor-section elementor-inner-section elementor-element elementor-element-61c6e19f elementor-section-boxed elementor-section-height-default elementor-section-height-default\" data-id=\"61c6e19f\" data-element_type=\"section\" data-e-type=\"section\">\n\t\t\t\t\t\t<div class=\"elementor-container elementor-column-gap-no\">\n\t\t\t\t\t<div class=\"elementor-column elementor-col-100 elementor-inner-column elementor-element elementor-element-130e0f17\" data-id=\"130e0f17\" data-element_type=\"column\" data-e-type=\"column\">\n\t\t\t<div class=\"elementor-widget-wrap elementor-element-populated\">\n\t\t\t\t\t\t<div class=\"elementor-element elementor-element-1eef0ee elementor-invisible elementor-widget elementor-widget-heading\" data-id=\"1eef0ee\" data-element_type=\"widget\" data-e-type=\"widget\" data-settings=\"{&quot;_animation&quot;:&quot;fadeInDown&quot;}\" data-widget_type=\"heading.default\">\n\t\t\t\t<div class=\"elementor-widget-container\">\n\t\t\t\t\t<h1 class=\"elementor-heading-title elementor-size-default\">T\u00e9rminos de Uso<\/h1>\t\t\t\t<\/div>\n\t\t\t\t<\/div>\n\t\t\t\t<div class=\"elementor-element elementor-element-33bf9f74 elementor-icon-list--layout-inline elementor-align-start elementor-list-item-link-full_width elementor-invisible elementor-widget elementor-widget-icon-list\" data-id=\"33bf9f74\" data-element_type=\"widget\" data-e-type=\"widget\" data-settings=\"{&quot;_animation&quot;:&quot;fadeInRight&quot;}\" data-widget_type=\"icon-list.default\">\n\t\t\t\t<div class=\"elementor-widget-container\">\n\t\t\t\t\t\t\t<ul class=\"elementor-icon-list-items elementor-inline-items\">\n\t\t\t\t\t\t\t<li class=\"elementor-icon-list-item elementor-inline-item\">\n\t\t\t\t\t\t\t\t\t\t\t<a href=\"https:\/\/gstradecorp.com\/es\/home\/\">\n\n\t\t\t\t\t\t\t\t\t\t\t<span class=\"elementor-icon-list-text\">Inicio<\/span>\n\t\t\t\t\t\t\t\t\t\t\t<\/a>\n\t\t\t\t\t\t\t\t\t<\/li>\n\t\t\t\t\t\t\t\t<li class=\"elementor-icon-list-item elementor-inline-item\">\n\t\t\t\t\t\t\t\t\t\t\t<span class=\"elementor-icon-list-icon\">\n\t\t\t\t\t\t\t<i aria-hidden=\"true\" class=\"mdi mdi-slash-forward\"><\/i>\t\t\t\t\t\t<\/span>\n\t\t\t\t\t\t\t\t\t\t<span class=\"elementor-icon-list-text\">Acerca de Nosotros<\/span>\n\t\t\t\t\t\t\t\t\t<\/li>\n\t\t\t\t\t\t<\/ul>\n\t\t\t\t\t\t<\/div>\n\t\t\t\t<\/div>\n\t\t\t\t\t<\/div>\n\t\t<\/div>\n\t\t\t\t\t<\/div>\n\t\t<\/section>\n\t\t\t\t\t<\/div>\n\t\t<\/div>\n\t\t\t\t\t<\/div>\n\t\t<\/section>\n\t\t\t\t<section class=\"elementor-section elementor-top-section elementor-element elementor-element-c46ee2a elementor-section-boxed elementor-section-height-default elementor-section-height-default\" data-id=\"c46ee2a\" data-element_type=\"section\" data-e-type=\"section\">\n\t\t\t\t\t\t<div class=\"elementor-container elementor-column-gap-default\">\n\t\t\t\t\t<div class=\"elementor-column elementor-col-100 elementor-top-column elementor-element elementor-element-3296995\" data-id=\"3296995\" data-element_type=\"column\" data-e-type=\"column\">\n\t\t\t<div class=\"elementor-widget-wrap elementor-element-populated\">\n\t\t\t\t\t\t<div class=\"elementor-element elementor-element-6bccc1d elementor-widget elementor-widget-spacer\" data-id=\"6bccc1d\" data-element_type=\"widget\" data-e-type=\"widget\" data-widget_type=\"spacer.default\">\n\t\t\t\t<div class=\"elementor-widget-container\">\n\t\t\t\t\t\t\t<div class=\"elementor-spacer\">\n\t\t\t<div class=\"elementor-spacer-inner\"><\/div>\n\t\t<\/div>\n\t\t\t\t\t\t<\/div>\n\t\t\t\t<\/div>\n\t\t\t\t\t<\/div>\n\t\t<\/div>\n\t\t\t\t\t<\/div>\n\t\t<\/section>\n\t\t\t\t<section class=\"elementor-section elementor-top-section elementor-element elementor-element-b17778f elementor-section-boxed elementor-section-height-default elementor-section-height-default\" data-id=\"b17778f\" data-element_type=\"section\" data-e-type=\"section\">\n\t\t\t\t\t\t<div class=\"elementor-container elementor-column-gap-default\">\n\t\t\t\t\t<div class=\"elementor-column elementor-col-100 elementor-top-column elementor-element elementor-element-1e135ea\" data-id=\"1e135ea\" data-element_type=\"column\" data-e-type=\"column\">\n\t\t\t<div class=\"elementor-widget-wrap elementor-element-populated\">\n\t\t\t\t\t\t<div class=\"elementor-element elementor-element-5d6e49b elementor-widget elementor-widget-heading\" data-id=\"5d6e49b\" data-element_type=\"widget\" data-e-type=\"widget\" data-widget_type=\"heading.default\">\n\t\t\t\t<div class=\"elementor-widget-container\">\n\t\t\t\t\t<h2 class=\"elementor-heading-title elementor-size-default\">T\u00e9rminos de Uso<\/h2>\t\t\t\t<\/div>\n\t\t\t\t<\/div>\n\t\t\t\t\t<\/div>\n\t\t<\/div>\n\t\t\t\t\t<\/div>\n\t\t<\/section>\n\t\t\t\t<section class=\"elementor-section elementor-top-section elementor-element elementor-element-813cc76 elementor-section-boxed elementor-section-height-default elementor-section-height-default\" data-id=\"813cc76\" data-element_type=\"section\" data-e-type=\"section\">\n\t\t\t\t\t\t<div class=\"elementor-container elementor-column-gap-default\">\n\t\t\t\t\t<div class=\"elementor-column elementor-col-100 elementor-top-column elementor-element elementor-element-3a26712\" data-id=\"3a26712\" data-element_type=\"column\" data-e-type=\"column\">\n\t\t\t<div class=\"elementor-widget-wrap elementor-element-populated\">\n\t\t\t\t\t\t<div class=\"elementor-element elementor-element-78028ce elementor-widget elementor-widget-heading\" data-id=\"78028ce\" data-element_type=\"widget\" data-e-type=\"widget\" data-widget_type=\"heading.default\">\n\t\t\t\t<div class=\"elementor-widget-container\">\n\t\t\t\t\t<h5 class=\"elementor-heading-title elementor-size-default\">\u00daltima actualizaci\u00f3n: mayo de 2023<\/h5>\t\t\t\t<\/div>\n\t\t\t\t<\/div>\n\t\t\t\t\t<\/div>\n\t\t<\/div>\n\t\t\t\t\t<\/div>\n\t\t<\/section>\n\t\t\t\t<section class=\"elementor-section elementor-top-section elementor-element elementor-element-a5a977e elementor-section-boxed elementor-section-height-default elementor-section-height-default\" data-id=\"a5a977e\" data-element_type=\"section\" data-e-type=\"section\">\n\t\t\t\t\t\t<div class=\"elementor-container elementor-column-gap-default\">\n\t\t\t\t\t<div class=\"elementor-column elementor-col-100 elementor-top-column elementor-element elementor-element-7d9c54f\" data-id=\"7d9c54f\" data-element_type=\"column\" data-e-type=\"column\">\n\t\t\t<div class=\"elementor-widget-wrap elementor-element-populated\">\n\t\t\t\t\t\t<div class=\"elementor-element elementor-element-66d0953 elementor-widget elementor-widget-text-editor\" data-id=\"66d0953\" data-element_type=\"widget\" data-e-type=\"widget\" data-widget_type=\"text-editor.default\">\n\t\t\t\t<div class=\"elementor-widget-container\">\n\t\t\t\t\t\t\t\t\t<p>INTRODUCCI\u00d3N<\/p><p>Estos T\u00e9rminos y Condiciones Generales de Servicio rigen la relaci\u00f3n legal entre HK GS (\"Compa\u00f1\u00eda\", \"nosotros\", \"nosotros\", \"nosotros\" o \"nuestro\"), registrada como una empresa en la Regi\u00f3n Administrativa Especial de Hong Kong del Pueblo Rep\u00fablica de China, y el Usuario (\"Cliente\", \"Visitante\", \"usted\", \"su(s)\") de nuestros Servicios (\"usted\" o \"su(s)\"), quienes utilizar\u00e1n y acceder\u00e1n a todos los servicios ofrecidos y proporcionados por la Compa\u00f1\u00eda, incluidos todos los contenidos gratuitos y de pago ofrecidos tanto en https:\/\/gstradecorp.com (\u201csitio web\u201d) como por cualquier otro medio, como referencias.<\/p><p>Est\u00e1 celebrando este Acuerdo en nombre de usted mismo o de la empresa a la que est\u00e1 autorizado a vincularse a los t\u00e9rminos y condiciones de este Acuerdo. Como parte de su relaci\u00f3n legal con nosotros, acepta que ha le\u00eddo y comprende nuestra <u>Pol\u00edtica de privacidad y cookies<\/u>En el caso de t\u00e9rminos en conflicto con este Acuerdo, la Pol\u00edtica de Privacidad y Cookies siempre prevalecer\u00e1.<\/p><p>Est\u00e1 celebrando este Acuerdo en su nombre o en el de la empresa a la que est\u00e1 autorizado a vincularse a los t\u00e9rminos y condiciones de este Acuerdo. Como parte de su relaci\u00f3n legal con nosotros, reconoce que ha le\u00eddo y comprende nuestra Pol\u00edtica de Privacidad y Cookies. En caso de conflicto de t\u00e9rminos con este Acuerdo, la Pol\u00edtica de Privacidad y Cookies siempre prevalecer\u00e1.<\/p><p>Usted es plenamente consciente de que nunca podemos garantizar la integridad, confiabilidad y precisi\u00f3n de todos los Servicios que brindamos mencionados en el Art\u00edculo 1 de este Acuerdo, incluida, entre otros, toda la informaci\u00f3n que brindamos y cualquier material de terceros en nuestro sitio web, asignaciones de investigaci\u00f3n y servicios de referencia.<\/p><p>ART\u00cdCULO 1. SERVICIOS DE DEFINICI\u00d3N<\/p><p>1.1. Alcance de los Servicios. Este Art\u00edculo 1 y todas sus Secciones describen los Servicios que ofrecemos a los Usuarios. Siempre debe verificar y estar al tanto de la informaci\u00f3n m\u00e1s reciente en nuestro sitio web y p\u00e1ginas espec\u00edficas donde puede encontrar el alcance exacto de nuestros Servicios.<\/p><p>1.2. Informaci\u00f3n gratuita para visitantes. Comprende toda la informaci\u00f3n y el contenido que est\u00e1 disponible en nuestro sitio web y que est\u00e1 disponible gratuitamente en Internet. En la Informaci\u00f3n gratuita para visitantes se incluye toda la informaci\u00f3n de nuestro sitio web y sus subdominios, incluidos, entre otros, material de video y nuestro blog.<\/p><p>1.3. Informaci\u00f3n Gratuita para los Usuarios. Esto comprende toda la informaci\u00f3n y el contenido que est\u00e1 disponible en nuestro sitio web solo despu\u00e9s de que el usuario se haya suscrito en nuestro sitio web con el fin de recibir informaci\u00f3n y contenido espec\u00edficos, incluidos, entre otros, art\u00edculos, entrevistas, documentos t\u00e9cnicos, libros electr\u00f3nicos, videos tutoriales y seminarios web que est\u00e1n todos disponibles sin costo.<\/p><p>1.4. Servicios de referencia de terceros para usuarios. Los visitantes del sitio web pueden solicitar cotizaciones gratuitas o informaci\u00f3n relacionada en relaci\u00f3n con proveedores de servicios y proveedores externos. Usted comprende y acepta que podemos recibir una comisi\u00f3n de ese tercero. Sin embargo, es su decisi\u00f3n exclusiva entablar una relaci\u00f3n comercial con dichos terceros, y usted reconoce que se aplican sus respectivos t\u00e9rminos y condiciones generales.<\/p><p>ART\u00cdCULO 2. ACCESO A SERVICIOS A USUARIOS AUTORIZADOS<\/p><p>2.1. Acceso. La Compa\u00f1\u00eda otorga permiso a cada Usuario y Visitante, exclusivamente para su uso personal o comercial, para acceder a nuestro sitio web y ver, descargar o imprimir cualquiera de sus contenidos, incluidos, entre otros, los documentos que est\u00e1n disponibles de forma gratuita, como un bolet\u00edn informativo, libros electr\u00f3nicos o plantillas.<\/p><p>ART\u00cdCULO 3. SERVICIOS<\/p><p>3.1. Servicios. Ofrecemos en nuestro sitio web Servicios de trading. Puede comprar nuestros Servicios por separado o combinados. Toda la informaci\u00f3n y el contenido de nuestro sitio web pueden modificarse o actualizarse peri\u00f3dicamente.<\/p><p>3.2. Sin resultados garantizados. La Compa\u00f1\u00eda utilizar\u00e1 sus mejores esfuerzos y esfuerzos razonables para proporcionar los Servicios de acuerdo con las instrucciones expresas del Cliente. Sin embargo, el Cliente acepta y reconoce que la Compa\u00f1\u00eda no puede garantizar ning\u00fan resultado o la efectividad de ninguno de los Servicios prestados en virtud de este Acuerdo.<\/p><p>3.3. Uso de Subcontratistas. Usted reconoce y acepta que la Compa\u00f1\u00eda puede usar cualquier subcontratista, agente o afiliado que elija sin la aprobaci\u00f3n previa del Cliente. Sin embargo, el uso de subcontratistas, agentes o afiliados no liberar\u00e1 a la Compa\u00f1\u00eda de ninguna de sus obligaciones en virtud de este Acuerdo.<\/p><p>ART\u00cdCULO 4. PROPIEDAD Y DERECHOS<\/p><p>4.1. Garant\u00eda de Originalidad. La Compa\u00f1\u00eda declara y garantiza que es el propietario leg\u00edtimo de los Servicios, el Sitio web y el contenido, o el destinatario de una licencia v\u00e1lida o derecho de uso. La Compa\u00f1\u00eda est\u00e1 autorizada a otorgar propiedad intelectual y otros derechos otorgados en este Acuerdo sin el consentimiento de ning\u00fan tercero cuando se establezca expl\u00edcitamente. Adem\u00e1s, la Compa\u00f1\u00eda declara y garantiza que los Servicios, el Sitio web y el contenido ser\u00e1n su propio trabajo original, incluidos los componentes con licencia descritos anteriormente.<\/p><p>4.2. Derechos. El usuario comprende y acepta que, a menos que se indique lo contrario en este Acuerdo, la Compa\u00f1\u00eda posee y retiene todos los derechos, t\u00edtulos e intereses sobre (i) los Servicios, incluidas todas las mejoras, mejoras y modificaciones; (ii) cualquier m\u00e9todo comercial, secreto comercial, software, aplicaciones o cualquier otra tecnolog\u00eda desarrollada en relaci\u00f3n con los Servicios, y (iii) cualquier patente, derecho de autor, marca registrada y cualquier otro derecho de propiedad intelectual.<\/p><p>4.3. Uso Prohibido. Debe abstenerse de copiar, volver a publicar, adaptar, crear trabajos derivados o distribuir de otro modo el contenido de nuestro sitio web, el c\u00f3digo fuente subyacente o cualquier elemento del dise\u00f1o, a menos que le autoricemos expresamente a hacerlo. En cualquier otro caso, no est\u00e1 autorizado a copiar el contenido de nuestros Servicios, infringir nuestras marcas registradas o violar cualquier otro derecho de propiedad intelectual.<\/p><p>ART\u00cdCULO 5. OBLIGACIONES DE LA EMPRESA<\/p><p>5.1. Servicios. La Compa\u00f1\u00eda puede declinar a su sola discreci\u00f3n, y sin dar ninguna raz\u00f3n previa, cualquier solicitud nuestros Servicios o actividades relacionadas que ofrecemos. Nunca seremos responsables en caso de que rechacemos dicha solicitud, por ejemplo, cuando la consideremos inapropiada.<\/p><p>ART\u00cdCULO 6. OBLIGACIONES DEL CLIENTE<\/p><p>6.1. Informaci\u00f3n. Deber\u00e1 proporcionar a la Compa\u00f1\u00eda suficiente informaci\u00f3n, instrucciones, documentos (oficiales) o acceso a los materiales necesarios para prestar el Servicio o cumplir con sus obligaciones en virtud de este Acuerdo. Si la Compa\u00f1\u00eda no recibe toda la informaci\u00f3n necesaria y solicitada, el Cliente entiende y acepta que puede causar un retraso en la prestaci\u00f3n de los Servicios o el aplazamiento de una fecha l\u00edmite. Adem\u00e1s, usted declara que conoce todas las leyes, reglamentos y normas que pueden aplicarse en relaci\u00f3n con nuestros Servicios, y comprende que nunca brindamos asesoramiento legal de ning\u00fan tipo.<\/p><p>6.2. Debidamente Representado. De acuerdo con la disposici\u00f3n anterior, el Cliente se compromete a proporcionar a la Compa\u00f1\u00eda cualquier documento o evidencia de respaldo para demostrar que el Cliente est\u00e1 debidamente representado por un tercero, incluidos, entre otros, un subcontratista, agente o afiliado.<\/p><p>6.3. Almacenamiento de archivos y copias de seguridad. Como parte de nuestros Servicios, podemos ofrecerle la posibilidad de almacenar sus archivos y datos en nuestros sistemas. Debe actuar de acuerdo con cualquier ley que se aplique a la protecci\u00f3n de informaci\u00f3n personal y datos confidenciales. Adem\u00e1s, siempre ser\u00e1 responsable de almacenar sus propios datos y mantener copias de seguridad. Nunca somos responsables de la p\u00e9rdida de sus archivos y datos o de ser conocidos p\u00fablicamente como resultado de un error del sistema o del servidor, tiempo de inactividad o pirateo.<\/p><p>ART\u00cdCULO 7. GARANT\u00cdAS, RENUNCIAS E INDEMNIZACI\u00d3N<\/p><p>7.1. Garant\u00edas. Con respecto a nuestros Servicios, no ofrecemos garant\u00edas, ya sean expresas o impl\u00edcitas, incluidas, entre otras, cualquier garant\u00eda impl\u00edcita de comerciabilidad o idoneidad para un prop\u00f3sito particular. El cliente acepta nuestro Servicio y contenido \"tal cual\" y \"seg\u00fan disponibilidad\" sin representaci\u00f3n ni garant\u00eda de ning\u00fan tipo, expresa o impl\u00edcita, incluidas, entre otras, las garant\u00edas impl\u00edcitas de idoneidad para un prop\u00f3sito particular o la no infracci\u00f3n de la propiedad intelectual. derechos o cualquier garant\u00eda impl\u00edcita que surja del estatuto, desempe\u00f1o o uso comercial.<\/p><p>7.2. Exoneraci\u00f3n de responsabilidad. Ofrecemos nuestro sitio web y servicios \u00fanicamente con fines informativos, y nunca somos responsables de ninguna informaci\u00f3n incorrecta, no disponible, err\u00f3nea, ambigua, incompleta, desactualizada, mal interpretada o modificada. En ning\u00fan momento la Compa\u00f1\u00eda ser\u00e1 responsable por ning\u00fan consejo, servicio de soporte, sugerencia o referencia de terceros proporcionados al Cliente que puedan resultar en p\u00e9rdidas o da\u00f1os. El Usuario ser\u00e1 el \u00fanico responsable por la forma en que emplee nuestros Servicios, y cualquier acci\u00f3n y decisi\u00f3n que el Usuario tome en base a ello, incluyendo cualquier p\u00e9rdida, cualquier tipo de da\u00f1o, lesi\u00f3n y responsabilidad civil y\/o penal o robo de propiedad intelectual, m\u00e9todos comerciales y\/o secretos comerciales.<\/p><p>7.3. Descargo de responsabilidad Informaci\u00f3n de terceros. La Compa\u00f1\u00eda realiza los Servicios utilizando recursos, informaci\u00f3n y servicios de terceros, como parte de nuestros Servicios mencionados en el Art\u00edculo 1 de este Acuerdo. Renunciamos expl\u00edcitamente a nuestra responsabilidad por cualquier informaci\u00f3n incorrecta, enga\u00f1osa, falsa, desactualizada, ambigua o err\u00f3nea proporcionada por un tercero, su a\ufb01liado o cualquiera de sus fuentes. El Cliente ser\u00e1 el \u00fanico responsable de la forma en que emplee los recursos, la informaci\u00f3n y los servicios de terceros mencionados anteriormente, y de las acciones y decisiones que el Cliente tome en base a los mismos, incluidas las p\u00e9rdidas, cualquier tipo de da\u00f1os, perjuicios y da\u00f1os civiles y\/o penales. responsabilidad o robo de propiedad intelectual, m\u00e9todos comerciales y\/o secretos comerciales.<\/p><p>7.4. Descargo de responsabilidad de selecci\u00f3n de proveedores. Como parte de nuestros Servicios, puede solicitarnos que evaluemos a terceros, como proveedores. Al realizar la evaluaci\u00f3n de un tercero, el Cliente comprende y reconoce que un proveedor puede proporcionar informaci\u00f3n incompleta, falsa, enga\u00f1osa, incorrecta o desactualizada y que la Compa\u00f1\u00eda nunca es responsable de esa informaci\u00f3n, y es su propia decisi\u00f3n participar en una relaci\u00f3n comercial con los terceros que hemos evaluado en su solicitud.<\/p><p>7.5. Descargo de responsabilidad del seguro. La Compa\u00f1\u00eda nunca ser\u00e1 un asegurador, garante o corredor, y nunca brindamos servicios en calidad de asegurador, garante o corredor. Es responsabilidad exclusiva del Cliente contratar los seguros apropiados con el tercero de su elecci\u00f3n. Renunciamos expl\u00edcitamente a nuestra responsabilidad por cualquier p\u00e9rdida o da\u00f1o que resulte de la ausencia de seguros adecuados.<\/p><p>7.6. Indemnizaci\u00f3n. El Cliente indemniza y exime a la Compa\u00f1\u00eda y sus funcionarios, empleados, agentes y subcontratistas de toda responsabilidad, costo o da\u00f1o que surja de y en relaci\u00f3n con este Acuerdo, incluidos todos los gastos legales y los costos relacionados de este y en relaci\u00f3n con este Acuerdo.<\/p><p>7.7. Seguro. Usted declara y garantiza que su empresa y sus subsidiarias cuentan con un seguro adecuado y est\u00e1ndar de la industria, que cubre los riesgos y los montos que son adecuados y habituales para las empresas que se dedican a actividades comerciales similares en la industria.<\/p><p>ART\u00cdCULO 8. QUEJAS<\/p><p>8.1. Quejas. El Usuario y\/o Cliente que experimente un problema con el Servicio y el contenido proporcionado por la Compa\u00f1\u00eda debe plantear dicho asunto directamente a la Compa\u00f1\u00eda a trav\u00e9s de nuestro <u>formulario de contacto<\/u><\/p><p>8.2. Resultado. La Empresa realizar\u00e1 sus mejores esfuerzos, pero en ning\u00fan momento estar\u00e1 obligada a, resolver el asunto que usted haya planteado a satisfacci\u00f3n del Usuario y\/o Cliente.<\/p><p>ART\u00cdCULO 9. CESI\u00d3N<\/p><p>La Compa\u00f1\u00eda puede ceder este Acuerdo, incluidos cualquiera de los derechos, intereses u obligaciones en virtud del presente, a cualquier sucesor o cesionario sin el consentimiento previo por escrito del Cliente. Sujeto a lo anterior, este Acuerdo ser\u00e1 vinculante para el Cliente y los respectivos sucesores y cesionarios, en beneficio de y ejecutable por ellos.<\/p><p>ART\u00cdCULO 10. MODIFICACIONES DEL ACUERDO<\/p><p>El Acuerdo est\u00e1 sujeto a modificaci\u00f3n y revisi\u00f3n en cualquier momento. En caso de discrepancias con cualquier otra versi\u00f3n del Acuerdo o versiones anteriores, siempre prevalecer\u00e1 la versi\u00f3n actual, disponible p\u00fablicamente en el sitio web.<\/p><p>ART\u00cdCULO 11. ELECCI\u00d3N DE LA LEY, JURISDICCI\u00d3N Y RESOLUCI\u00d3N DE CONFLICTOS<\/p><p>11.1. Ley Aplicable y Foro. El Acuerdo se regir\u00e1 e interpretar\u00e1 de conformidad con las leyes internas de la Regi\u00f3n Administrativa Especial de Hong Kong de la Rep\u00fablica Popular China. Cualquier conflicto o disputa entre las Partes que pueda surgir en relaci\u00f3n con este Acuerdo se someter\u00e1 exclusivamente a los tribunales civiles competentes de Hong Kong.<\/p><p>11.2. Resoluci\u00f3n de conflictos. En caso de cualquier disputa, debe notificar inmediatamente a la Compa\u00f1\u00eda (a trav\u00e9s del formulario de contacto  o por correo electr\u00f3nico ) dentro de los siete (7) d\u00edas h\u00e1biles posteriores a la queja posterior al descubrimiento de los hechos o dentro de los treinta d\u00edas a partir de la fecha de entrega del Informe.<\/p><p>Si tiene alguna pregunta sobre estos T\u00e9rminos de Uso, no dude en ponerse en contacto con nosotros.<\/p><p>Env\u00edenos un correo electr\u00f3nico a: infotrade@gstradecorp.com<\/p>\t\t\t\t\t\t\t\t<\/div>\n\t\t\t\t<\/div>\n\t\t\t\t\t<\/div>\n\t\t<\/div>\n\t\t\t\t\t<\/div>\n\t\t<\/section>\n\t\t\t\t<\/div>","protected":false},"excerpt":{"rendered":"<p>Terms of Use Home About Us Terms of Use Last update: May 2023 INTRODUCTION These General Terms and Conditions of Service govern the legal relationship between HK GS (&#8221; Company &#8220;, &#8221; we &#8220;, &#8221; us &#8220;, &#8221; we &#8221; or &#8221; our &#8220;), registered as a company in the Hong Kong Special Administrative Region [&hellip;]<\/p>\n","protected":false},"author":3,"featured_media":0,"parent":0,"menu_order":0,"comment_status":"closed","ping_status":"closed","template":"elementor_header_footer","meta":{"footnotes":""},"class_list":["post-328","page","type-page","status-publish","hentry"],"_links":{"self":[{"href":"https:\/\/gstradecorp.com\/es\/wp-json\/wp\/v2\/pages\/328","targetHints":{"allow":["GET"]}}],"collection":[{"href":"https:\/\/gstradecorp.com\/es\/wp-json\/wp\/v2\/pages"}],"about":[{"href":"https:\/\/gstradecorp.com\/es\/wp-json\/wp\/v2\/types\/page"}],"author":[{"embeddable":true,"href":"https:\/\/gstradecorp.com\/es\/wp-json\/wp\/v2\/users\/3"}],"replies":[{"embeddable":true,"href":"https:\/\/gstradecorp.com\/es\/wp-json\/wp\/v2\/comments?post=328"}],"version-history":[{"count":25,"href":"https:\/\/gstradecorp.com\/es\/wp-json\/wp\/v2\/pages\/328\/revisions"}],"predecessor-version":[{"id":563,"href":"https:\/\/gstradecorp.com\/es\/wp-json\/wp\/v2\/pages\/328\/revisions\/563"}],"wp:attachment":[{"href":"https:\/\/gstradecorp.com\/es\/wp-json\/wp\/v2\/media?parent=328"}],"curies":[{"name":"wp","href":"https:\/\/api.w.org\/{rel}","templated":true}]}}