{"id":95,"date":"2023-05-18T02:25:20","date_gmt":"2023-05-18T02:25:20","guid":{"rendered":"https:\/\/gstradecorp.com\/?page_id=95"},"modified":"2023-05-22T00:53:26","modified_gmt":"2023-05-22T00:53:26","slug":"supplier-research-in-china","status":"publish","type":"page","link":"https:\/\/gstradecorp.com\/es\/supplier-research-in-china\/","title":{"rendered":"Investigaci\u00f3n de proveedores en China"},"content":{"rendered":"<div data-elementor-type=\"wp-page\" data-elementor-id=\"95\" class=\"elementor elementor-95\" data-elementor-post-type=\"page\">\n\t\t\t\t\t\t<section class=\"elementor-section elementor-top-section elementor-element elementor-element-72061a8c elementor-section-boxed elementor-section-height-default elementor-section-height-default\" data-id=\"72061a8c\" data-element_type=\"section\" data-e-type=\"section\" data-settings=\"{&quot;background_background&quot;:&quot;classic&quot;}\">\n\t\t\t\t\t\t\t<div class=\"elementor-background-overlay\"><\/div>\n\t\t\t\t\t\t\t<div class=\"elementor-container elementor-column-gap-default\">\n\t\t\t\t\t<div class=\"elementor-column elementor-col-100 elementor-top-column elementor-element elementor-element-4aaf31e6\" data-id=\"4aaf31e6\" data-element_type=\"column\" data-e-type=\"column\">\n\t\t\t<div class=\"elementor-widget-wrap elementor-element-populated\">\n\t\t\t\t\t\t<section class=\"elementor-section elementor-inner-section elementor-element elementor-element-769a9fd7 elementor-section-boxed elementor-section-height-default elementor-section-height-default\" data-id=\"769a9fd7\" data-element_type=\"section\" data-e-type=\"section\">\n\t\t\t\t\t\t<div class=\"elementor-container elementor-column-gap-no\">\n\t\t\t\t\t<div class=\"elementor-column elementor-col-100 elementor-inner-column elementor-element elementor-element-2f03a773\" data-id=\"2f03a773\" data-element_type=\"column\" data-e-type=\"column\">\n\t\t\t<div class=\"elementor-widget-wrap elementor-element-populated\">\n\t\t\t\t\t\t<div class=\"elementor-element elementor-element-453a82eb elementor-widget__width-initial elementor-invisible elementor-widget elementor-widget-heading\" data-id=\"453a82eb\" data-element_type=\"widget\" data-e-type=\"widget\" data-settings=\"{&quot;_animation&quot;:&quot;fadeInDown&quot;}\" data-widget_type=\"heading.default\">\n\t\t\t\t<div class=\"elementor-widget-container\">\n\t\t\t\t\t<h2 class=\"elementor-heading-title elementor-size-default\">Investigaci\u00f3n de proveedores en China<\/h2>\t\t\t\t<\/div>\n\t\t\t\t<\/div>\n\t\t\t\t<div class=\"elementor-element elementor-element-25c42cd9 elementor-icon-list--layout-inline elementor-align-start elementor-list-item-link-full_width elementor-invisible elementor-widget elementor-widget-icon-list\" data-id=\"25c42cd9\" data-element_type=\"widget\" data-e-type=\"widget\" data-settings=\"{&quot;_animation&quot;:&quot;fadeInRight&quot;}\" data-widget_type=\"icon-list.default\">\n\t\t\t\t<div class=\"elementor-widget-container\">\n\t\t\t\t\t\t\t<ul class=\"elementor-icon-list-items elementor-inline-items\">\n\t\t\t\t\t\t\t<li class=\"elementor-icon-list-item elementor-inline-item\">\n\t\t\t\t\t\t\t\t\t\t\t<a href=\"https:\/\/gstradecorp.com\/es\/home\/\">\n\n\t\t\t\t\t\t\t\t\t\t\t<span class=\"elementor-icon-list-text\">Inicio<\/span>\n\t\t\t\t\t\t\t\t\t\t\t<\/a>\n\t\t\t\t\t\t\t\t\t<\/li>\n\t\t\t\t\t\t\t\t<li class=\"elementor-icon-list-item elementor-inline-item\">\n\t\t\t\t\t\t\t\t\t\t\t<span class=\"elementor-icon-list-icon\">\n\t\t\t\t\t\t\t<i aria-hidden=\"true\" class=\"mdi mdi-slash-forward\"><\/i>\t\t\t\t\t\t<\/span>\n\t\t\t\t\t\t\t\t\t\t<span class=\"elementor-icon-list-text\">Servicios<\/span>\n\t\t\t\t\t\t\t\t\t<\/li>\n\t\t\t\t\t\t<\/ul>\n\t\t\t\t\t\t<\/div>\n\t\t\t\t<\/div>\n\t\t\t\t\t<\/div>\n\t\t<\/div>\n\t\t\t\t\t<\/div>\n\t\t<\/section>\n\t\t\t\t\t<\/div>\n\t\t<\/div>\n\t\t\t\t\t<\/div>\n\t\t<\/section>\n\t\t\t\t<section class=\"elementor-section elementor-top-section elementor-element elementor-element-746cded8 elementor-reverse-tablet elementor-reverse-mobile elementor-section-boxed elementor-section-height-default elementor-section-height-default\" data-id=\"746cded8\" data-element_type=\"section\" data-e-type=\"section\">\n\t\t\t\t\t\t<div class=\"elementor-container elementor-column-gap-default\">\n\t\t\t\t\t<div class=\"elementor-column elementor-col-50 elementor-top-column elementor-element elementor-element-2bfb67df elementor-invisible\" data-id=\"2bfb67df\" data-element_type=\"column\" data-e-type=\"column\" data-settings=\"{&quot;animation&quot;:&quot;fadeInUp&quot;}\">\n\t\t\t<div class=\"elementor-widget-wrap elementor-element-populated\">\n\t\t\t\t\t\t<div class=\"elementor-element elementor-element-56775d9a elementor-widget elementor-widget-image\" data-id=\"56775d9a\" data-element_type=\"widget\" data-e-type=\"widget\" data-widget_type=\"image.default\">\n\t\t\t\t<div class=\"elementor-widget-container\">\n\t\t\t\t\t\t\t\t\t\t\t\t\t\t\t<img fetchpriority=\"high\" decoding=\"async\" width=\"2000\" height=\"1263\" src=\"https:\/\/gstradecorp.com\/wp-content\/uploads\/2023\/05\/sme-entrepreneur-small-business-entrepreneurs-online-selling-ideas-happy-young-asian-business-owner.jpg\" class=\"attachment-full size-full wp-image-419\" alt=\"SME entrepreneur Small business entrepreneurs Online selling ideas,Happy Young Asian business owner\" srcset=\"https:\/\/gstradecorp.com\/wp-content\/uploads\/2023\/05\/sme-entrepreneur-small-business-entrepreneurs-online-selling-ideas-happy-young-asian-business-owner.jpg 2000w, https:\/\/gstradecorp.com\/wp-content\/uploads\/2023\/05\/sme-entrepreneur-small-business-entrepreneurs-online-selling-ideas-happy-young-asian-business-owner-300x189.jpg 300w, https:\/\/gstradecorp.com\/wp-content\/uploads\/2023\/05\/sme-entrepreneur-small-business-entrepreneurs-online-selling-ideas-happy-young-asian-business-owner-1024x647.jpg 1024w, https:\/\/gstradecorp.com\/wp-content\/uploads\/2023\/05\/sme-entrepreneur-small-business-entrepreneurs-online-selling-ideas-happy-young-asian-business-owner-768x485.jpg 768w, https:\/\/gstradecorp.com\/wp-content\/uploads\/2023\/05\/sme-entrepreneur-small-business-entrepreneurs-online-selling-ideas-happy-young-asian-business-owner-1536x970.jpg 1536w, https:\/\/gstradecorp.com\/wp-content\/uploads\/2023\/05\/sme-entrepreneur-small-business-entrepreneurs-online-selling-ideas-happy-young-asian-business-owner-18x12.jpg 18w\" sizes=\"(max-width: 2000px) 100vw, 2000px\" \/>\t\t\t\t\t\t\t\t\t\t\t\t\t\t\t<\/div>\n\t\t\t\t<\/div>\n\t\t\t\t\t<\/div>\n\t\t<\/div>\n\t\t\t\t<div class=\"elementor-column elementor-col-50 elementor-top-column elementor-element elementor-element-3b6f3a21 elementor-invisible\" data-id=\"3b6f3a21\" data-element_type=\"column\" data-e-type=\"column\" data-settings=\"{&quot;animation&quot;:&quot;fadeInLeft&quot;}\">\n\t\t\t<div class=\"elementor-widget-wrap elementor-element-populated\">\n\t\t\t\t\t\t<div class=\"elementor-element elementor-element-2a39edde elementor-widget elementor-widget-heading\" data-id=\"2a39edde\" data-element_type=\"widget\" data-e-type=\"widget\" data-widget_type=\"heading.default\">\n\t\t\t\t<div class=\"elementor-widget-container\">\n\t\t\t\t\t<h2 class=\"elementor-heading-title elementor-size-default\">Investigaci\u00f3n de proveedores en China<\/h2>\t\t\t\t<\/div>\n\t\t\t\t<\/div>\n\t\t\t\t<div class=\"elementor-element elementor-element-bdb8813 elementor-widget elementor-widget-text-editor\" data-id=\"bdb8813\" data-element_type=\"widget\" data-e-type=\"widget\" data-widget_type=\"text-editor.default\">\n\t\t\t\t<div class=\"elementor-widget-container\">\n\t\t\t\t\t\t\t\t\t<p>Somos una corporaci\u00f3n especializada en apoyar a otras empresas para que realicen negocios con \u00e9xito con China y el resto de Asia. Brindamos asesoramiento a empresas dedicadas a la venta de productos, para que sus compras de abastecimiento en China sean lo m\u00e1s fluidas, seguras y rentables posible.<\/p><p>Nuestros servicios de asesor\u00eda para importar desde China y hacer negocios con China incluyen lo siguiente:<\/p><p>Le brindamos servicios de b\u00fasqueda de proveedores en China para ayudarlo a encontrar y seleccionar los mejores proveedores que se ajusten a sus necesidades. Realizamos una investigaci\u00f3n exhaustiva y verificamos la autenticidad de la informaci\u00f3n para garantizar que sean proveedores confiables y de alta calidad.<\/p>\t\t\t\t\t\t\t\t<\/div>\n\t\t\t\t<\/div>\n\t\t\t\t<div class=\"elementor-element elementor-element-c93499d elementor-widget elementor-widget-heading\" data-id=\"c93499d\" data-element_type=\"widget\" data-e-type=\"widget\" data-widget_type=\"heading.default\">\n\t\t\t\t<div class=\"elementor-widget-container\">\n\t\t\t\t\t<h5 class=\"elementor-heading-title elementor-size-default\">Al trabajar con nosotros, nuestros clientes pueden disfrutar de varias ventajas, tales como:<\/h5>\t\t\t\t<\/div>\n\t\t\t\t<\/div>\n\t\t\t\t<div class=\"elementor-element elementor-element-8b52d2e elementor-icon-list--layout-traditional elementor-list-item-link-full_width elementor-widget elementor-widget-icon-list\" data-id=\"8b52d2e\" data-element_type=\"widget\" data-e-type=\"widget\" data-widget_type=\"icon-list.default\">\n\t\t\t\t<div class=\"elementor-widget-container\">\n\t\t\t\t\t\t\t<ul class=\"elementor-icon-list-items\">\n\t\t\t\t\t\t\t<li class=\"elementor-icon-list-item\">\n\t\t\t\t\t\t\t\t\t\t\t<span class=\"elementor-icon-list-icon\">\n\t\t\t\t\t\t\t<i aria-hidden=\"true\" class=\"fas fa-check-double\"><\/i>\t\t\t\t\t\t<\/span>\n\t\t\t\t\t\t\t\t\t\t<span class=\"elementor-icon-list-text\">Acceso a una amplia red de proveedores confiables en China.<\/span>\n\t\t\t\t\t\t\t\t\t<\/li>\n\t\t\t\t\t\t\t\t<li class=\"elementor-icon-list-item\">\n\t\t\t\t\t\t\t\t\t\t\t<span class=\"elementor-icon-list-icon\">\n\t\t\t\t\t\t\t<i aria-hidden=\"true\" class=\"fas fa-check-double\"><\/i>\t\t\t\t\t\t<\/span>\n\t\t\t\t\t\t\t\t\t\t<span class=\"elementor-icon-list-text\">Ahorro de tiempo y recursos en la b\u00fasqueda y selecci\u00f3n de proveedores.<\/span>\n\t\t\t\t\t\t\t\t\t<\/li>\n\t\t\t\t\t\t\t\t<li class=\"elementor-icon-list-item\">\n\t\t\t\t\t\t\t\t\t\t\t<span class=\"elementor-icon-list-icon\">\n\t\t\t\t\t\t\t<i aria-hidden=\"true\" class=\"fas fa-check-double\"><\/i>\t\t\t\t\t\t<\/span>\n\t\t\t\t\t\t\t\t\t\t<span class=\"elementor-icon-list-text\">Reducci\u00f3n del riesgo asociado con la selecci\u00f3n de proveedores en China.<\/span>\n\t\t\t\t\t\t\t\t\t<\/li>\n\t\t\t\t\t\t\t\t<li class=\"elementor-icon-list-item\">\n\t\t\t\t\t\t\t\t\t\t\t<span class=\"elementor-icon-list-icon\">\n\t\t\t\t\t\t\t<i aria-hidden=\"true\" class=\"fas fa-check-double\"><\/i>\t\t\t\t\t\t<\/span>\n\t\t\t\t\t\t\t\t\t\t<span class=\"elementor-icon-list-text\">Aseguramiento de la calidad de los productos y servicios de los proveedores.<\/span>\n\t\t\t\t\t\t\t\t\t<\/li>\n\t\t\t\t\t\t\t\t<li class=\"elementor-icon-list-item\">\n\t\t\t\t\t\t\t\t\t\t\t<span class=\"elementor-icon-list-icon\">\n\t\t\t\t\t\t\t<i aria-hidden=\"true\" class=\"fas fa-check-double\"><\/i>\t\t\t\t\t\t<\/span>\n\t\t\t\t\t\t\t\t\t\t<span class=\"elementor-icon-list-text\">Apoyo en la negociaci\u00f3n de precios y t\u00e9rminos de compra.<\/span>\n\t\t\t\t\t\t\t\t\t<\/li>\n\t\t\t\t\t\t<\/ul>\n\t\t\t\t\t\t<\/div>\n\t\t\t\t<\/div>\n\t\t\t\t<div class=\"elementor-element elementor-element-93f38ae elementor-widget elementor-widget-text-editor\" data-id=\"93f38ae\" data-element_type=\"widget\" data-e-type=\"widget\" data-widget_type=\"text-editor.default\">\n\t\t\t\t<div class=\"elementor-widget-container\">\n\t\t\t\t\t\t\t\t\t<p>Nuestra forma de trabajar se basa en un enfoque personalizado y adaptado a las necesidades de cada cliente. Comenzamos por entender las necesidades y requisitos individuales de cada cliente, y luego realizamos una investigaci\u00f3n exhaustiva de proveedores potenciales. Una vez que los hemos identificado, realizamos una verificaci\u00f3n exhaustiva de sus antecedentes y credenciales, asegur\u00e1ndonos de que cumplen con los est\u00e1ndares requeridos.<\/p><p>Adem\u00e1s, trabajamos codo a codo con nuestros clientes para asegurarnos de que los proveedores seleccionados cumplan con las expectativas en t\u00e9rminos de calidad, precio y plazos de entrega.<\/p><p>Ofrecemos asesoramiento y apoyo en todo momento, y estamos comprometidos en asegurarnos de que nuestros clientes est\u00e9n satisfechos con los proveedores seleccionados.<\/p>\t\t\t\t\t\t\t\t<\/div>\n\t\t\t\t<\/div>\n\t\t\t\t<div class=\"elementor-element elementor-element-6b6adb82 elementor-position-inline-start elementor-mobile-position-inline-start elementor-view-stacked elementor-shape-square elementor-widget elementor-widget-icon-box\" data-id=\"6b6adb82\" data-element_type=\"widget\" data-e-type=\"widget\" data-widget_type=\"icon-box.default\">\n\t\t\t\t<div class=\"elementor-widget-container\">\n\t\t\t\t\t\t\t<div class=\"elementor-icon-box-wrapper\">\n\n\t\t\t\t\t\t<div class=\"elementor-icon-box-icon\">\n\t\t\t\t<span  class=\"elementor-icon\">\n\t\t\t\t<i aria-hidden=\"true\" class=\"icon icon-growth\"><\/i>\t\t\t\t<\/span>\n\t\t\t<\/div>\n\t\t\t\n\t\t\t\t\t\t<div class=\"elementor-icon-box-content\">\n\n\t\t\t\t\t\t\t\t\t<div class=\"elementor-icon-box-title\">\n\t\t\t\t\t\t<span  >\n\t\t\t\t\t\t\tHaga crecer su compa\u00f1\u00eda, seremos su socio comercial!\t\t\t\t\t\t<\/span>\n\t\t\t\t\t<\/div>\n\t\t\t\t\n\t\t\t\t\t\t\t\t\t<p class=\"elementor-icon-box-description\">\n\t\t\t\t\t\tEstamos transformando la forma en que las empresas hacen crecer su negocio. \t\t\t\t\t<\/p>\n\t\t\t\t\n\t\t\t<\/div>\n\t\t\t\n\t\t<\/div>\n\t\t\t\t\t\t<\/div>\n\t\t\t\t<\/div>\n\t\t\t\t\t<\/div>\n\t\t<\/div>\n\t\t\t\t\t<\/div>\n\t\t<\/section>\n\t\t\t\t<\/div>","protected":false},"excerpt":{"rendered":"<p>Supplier research in China Home Services Supplier research in China We are a corporation specialized in supporting other businesses to successfully conduct business with China and the rest of Asia. We provide advice to companies dedicated to product sales, to make their sourcing purchases in China as smooth, safe, and cost-effective as possible. Our advisory [&hellip;]<\/p>\n","protected":false},"author":3,"featured_media":0,"parent":0,"menu_order":0,"comment_status":"closed","ping_status":"closed","template":"elementor_header_footer","meta":{"footnotes":""},"class_list":["post-95","page","type-page","status-publish","hentry"],"_links":{"self":[{"href":"https:\/\/gstradecorp.com\/es\/wp-json\/wp\/v2\/pages\/95","targetHints":{"allow":["GET"]}}],"collection":[{"href":"https:\/\/gstradecorp.com\/es\/wp-json\/wp\/v2\/pages"}],"about":[{"href":"https:\/\/gstradecorp.com\/es\/wp-json\/wp\/v2\/types\/page"}],"author":[{"embeddable":true,"href":"https:\/\/gstradecorp.com\/es\/wp-json\/wp\/v2\/users\/3"}],"replies":[{"embeddable":true,"href":"https:\/\/gstradecorp.com\/es\/wp-json\/wp\/v2\/comments?post=95"}],"version-history":[{"count":7,"href":"https:\/\/gstradecorp.com\/es\/wp-json\/wp\/v2\/pages\/95\/revisions"}],"predecessor-version":[{"id":422,"href":"https:\/\/gstradecorp.com\/es\/wp-json\/wp\/v2\/pages\/95\/revisions\/422"}],"wp:attachment":[{"href":"https:\/\/gstradecorp.com\/es\/wp-json\/wp\/v2\/media?parent=95"}],"curies":[{"name":"wp","href":"https:\/\/api.w.org\/{rel}","templated":true}]}}